{"id":1351,"date":"2024-12-11T07:39:27","date_gmt":"2024-12-11T07:39:27","guid":{"rendered":"https:\/\/klbtheme.com\/fynode\/?page_id=1351"},"modified":"2025-10-23T14:19:26","modified_gmt":"2025-10-23T14:19:26","slug":"apie-mus","status":"publish","type":"page","link":"https:\/\/kampinis.lt\/en\/apie-mus\/","title":{"rendered":"Apie mus"},"content":{"rendered":"<div data-elementor-type=\"wp-page\" data-elementor-id=\"1351\" class=\"elementor elementor-1351\">\n\t\t\t\t<div class=\"elementor-element elementor-element-29f5bd3 e-con-full e-flex e-con e-parent\" data-id=\"29f5bd3\" data-element_type=\"container\" data-e-type=\"container\">\n\t\t\t\t<div class=\"elementor-element elementor-element-0f9079b elementor-widget elementor-widget-fynode-page-banner\" data-id=\"0f9079b\" data-element_type=\"widget\" data-e-type=\"widget\" data-widget_type=\"fynode-page-banner.default\">\n\t\t\t\t<div class=\"elementor-widget-container\">\n\t\t\t\t\t<div class=\"site-page-header klb-page-banner style-1\"><div class=\"container\"><div class=\"site-page-header-inner\"><h1 class=\"entry-title\">Apie mus<\/h1><div class=\"entry-description\"><p><\/p><\/div><!-- New Arrival --><\/div><!-- site-page-header-inner --><\/div><!-- container --><\/div><!-- site-page-header -->\t\t\t\t<\/div>\n\t\t\t\t<\/div>\n\t\t\t\t<\/div>\n\t\t<div class=\"elementor-element elementor-element-69b7919 e-flex e-con-boxed e-con e-parent\" data-id=\"69b7919\" data-element_type=\"container\" data-e-type=\"container\">\n\t\t\t\t\t<div class=\"e-con-inner\">\n\t\t<div class=\"elementor-element elementor-element-d32ad34 e-con-full e-flex e-con e-child\" data-id=\"d32ad34\" data-element_type=\"container\" data-e-type=\"container\">\n\t\t\t\t<div class=\"elementor-element elementor-element-3970498 elementor-widget elementor-widget-heading\" data-id=\"3970498\" data-element_type=\"widget\" data-e-type=\"widget\" data-widget_type=\"heading.default\">\n\t\t\t\t<div class=\"elementor-widget-container\">\n\t\t\t\t\t<h2 class=\"elementor-heading-title elementor-size-default\">Kampinis.lt \u2013 tai k\u016brybos studija, kurioje id\u0117jos tampa trimat\u0117mis. <\/h2>\t\t\t\t<\/div>\n\t\t\t\t<\/div>\n\t\t\t\t<\/div>\n\t\t\t\t\t<\/div>\n\t\t\t\t<\/div>\n\t\t<div class=\"elementor-element elementor-element-a6d6022 e-flex e-con-boxed e-con e-parent\" data-id=\"a6d6022\" data-element_type=\"container\" data-e-type=\"container\">\n\t\t\t\t\t<div class=\"e-con-inner\">\n\t\t<div class=\"elementor-element elementor-element-105b78e e-con-full e-flex e-con e-child\" data-id=\"105b78e\" data-element_type=\"container\" data-e-type=\"container\">\n\t\t\t\t<div class=\"elementor-element elementor-element-5364ce6 elementor-widget elementor-widget-heading\" data-id=\"5364ce6\" data-element_type=\"widget\" data-e-type=\"widget\" data-widget_type=\"heading.default\">\n\t\t\t\t<div class=\"elementor-widget-container\">\n\t\t\t\t\t<p class=\"elementor-heading-title elementor-size-default\">M\u016bs\u0173 aistra \u2013 3D spausdinimas: nuo smulki\u0173 kasdienini\u0173 sprendim\u0173 iki unikali\u0173, pagal u\u017esakym\u0105 kuriam\u0173 objekt\u0173.\n\nKampinis.lt gim\u0117 i\u0161 noro sujungti tikslum\u0105, estetik\u0105 ir funkcionalum\u0105. Mes tikime, kad kiekvienas kampas turi savo istorij\u0105 \u2013 ar tai b\u016bt\u0173 prakti\u0161kas laikiklis, ar \u017eaismingas dekoras, ar detal\u0117, kuri palengvina gyvenim\u0105.\n\nNaudojame auk\u0161tos kokyb\u0117s med\u017eiagas ir kruop\u0161\u010diai pri\u017ei\u016brime kiekvien\u0105 gamybos etap\u0105, kad galutinis rezultatas b\u016bt\u0173 ne tik gra\u017eus, bet ir patikimas.\n\nDirbame Vilniuje, ta\u010diau m\u016bs\u0173 k\u016briniai keliauja po vis\u0105 Lietuv\u0105. Jei turi id\u0117j\u0105 \u2013 mes pad\u0117sime jai \u012fgauti form\u0105.<\/p>\t\t\t\t<\/div>\n\t\t\t\t<\/div>\n\t\t\t\t<\/div>\n\t\t\t\t\t<\/div>\n\t\t\t\t<\/div>\n\t\t<div class=\"elementor-element elementor-element-93bcb54 e-flex e-con-boxed e-con e-parent\" data-id=\"93bcb54\" data-element_type=\"container\" data-e-type=\"container\">\n\t\t\t\t\t<div class=\"e-con-inner\">\n\t\t<div class=\"elementor-element elementor-element-0afd978 e-con-full e-flex e-con e-child\" data-id=\"0afd978\" data-element_type=\"container\" data-e-type=\"container\">\n\t\t\t\t<div class=\"elementor-element elementor-element-2e95a53 elementor-widget elementor-widget-image\" data-id=\"2e95a53\" data-element_type=\"widget\" data-e-type=\"widget\" data-widget_type=\"image.default\">\n\t\t\t\t<div class=\"elementor-widget-container\">\n\t\t\t\t\t\t\t\t\t\t\t\t\t\t\t<img decoding=\"async\" src=\"https:\/\/kampinis.lt\/wp-content\/uploads\/2025\/10\/dvi-kaukes.jpg\" title=\"dvi kaukes\" alt=\"dvi kaukes\" loading=\"lazy\" \/>\t\t\t\t\t\t\t\t\t\t\t\t\t\t\t<\/div>\n\t\t\t\t<\/div>\n\t\t\t\t<\/div>\n\t\t<div class=\"elementor-element elementor-element-94c8b81 e-con-full e-flex e-con e-child\" data-id=\"94c8b81\" data-element_type=\"container\" data-e-type=\"container\">\n\t\t\t\t<div class=\"elementor-element elementor-element-aee426e elementor-widget elementor-widget-text-editor\" data-id=\"aee426e\" data-element_type=\"widget\" data-e-type=\"widget\" data-widget_type=\"text-editor.default\">\n\t\t\t\t<div class=\"elementor-widget-container\">\n\t\t\t\t\t\t\t\t\t<p data-start=\"98\" data-end=\"515\">U\u017e <strong data-start=\"101\" data-end=\"116\">Kampinis.lt<\/strong> stovi ma\u017ea, ta\u010diau entuziastinga k\u016br\u0117j\u0173 komanda. Esame keli \u017emon\u0117s, kuriuos vienija smalsumas, kruop\u0161tumas ir noras kurti daiktus, kurie d\u017eiugina tiek ak\u012f, tiek kasdienyb\u0119. M\u0117gstame i\u0161\u0161\u016bkius ir naujus eksperimentus \u2013 nuo pirmos id\u0117jos iki galutinio spausdinimo etapo. Kiekvienas m\u016bs\u0173 gaminys gimsta i\u0161 noro sujungti funkcionalum\u0105 su estetika, tod\u0117l net ir paprastas objektas tampa unikaliu k\u016briniu.<\/p><p data-start=\"517\" data-end=\"789\">Norime, kad m\u016bs\u0173 gaminiai b\u016bt\u0173 daromi pilnai Lietuvoje, tod\u0117l nuo plastiko gamybos iki pat galutinio produkto i\u0161gavimo bei pakavimo &#8211; visk\u0105 darome \u010dia Vilniuje. \u012e kiekvien\u0105 u\u017esakym\u0105 \u017ei\u016brime asmeni\u0161kai, stengdamiesi suprasti, ko i\u0161 ties\u0173 reikia \u017emogui, u\u017esisakan\u010diam gamin\u012f. Kiekvienas modelis testuojamas, koreguojamas ir spausdinamas tol, kol pasiekiame rezultat\u0105, kuriuo galime did\u017eiuotis.<\/p><p data-start=\"791\" data-end=\"1134\">K\u016brybai ir gamybai naudojame <strong data-start=\"820\" data-end=\"859\">Bambu Lab FDM tipo 3D spausdintuvus<\/strong>, kurie leid\u017eia pasiekti itin auk\u0161t\u0105 detalumo lyg\u012f bei patikim\u0105 konstrukcij\u0105. \u0160ie \u012frenginiai suteikia galimyb\u0119 dirbti greitai ir precizi\u0161kai, tod\u0117l galime pasi\u016blyti plat\u0173 produkt\u0173 spektr\u0105 \u2013 nuo ma\u017e\u0173 \u017eaisming\u0173 fig\u016br\u0117li\u0173 iki prakti\u0161k\u0173 kasdienini\u0173 sprendim\u0173 interjerui.<\/p>\t\t\t\t\t\t\t\t<\/div>\n\t\t\t\t<\/div>\n\t\t\t\t<\/div>\n\t\t\t\t\t<\/div>\n\t\t\t\t<\/div>\n\t\t\t\t<\/div>","protected":false},"excerpt":{"rendered":"<p>Apie mus Kampinis.lt \u2013 tai k\u016brybos studija, kurioje id\u0117jos tampa trimat\u0117mis. M\u016bs\u0173 aistra \u2013 3D spausdinimas: nuo smulki\u0173 kasdienini\u0173 sprendim\u0173 iki unikali\u0173, pagal u\u017esakym\u0105 kuriam\u0173 objekt\u0173. Kampinis.lt gim\u0117 i\u0161 noro sujungti tikslum\u0105, estetik\u0105 ir funkcionalum\u0105. Mes tikime, kad kiekvienas kampas turi savo istorij\u0105 \u2013 ar tai b\u016bt\u0173 prakti\u0161kas laikiklis, ar \u017eaismingas dekoras, ar detal\u0117, kuri<\/p>\n<div class=\"klb-readmore post-buttons\"><a class=\"btn btn-black btn-rounded\" href=\"https:\/\/kampinis.lt\/en\/apie-mus\/\">Read More <i class=\"klbth-icon-right-arrow\"><\/i><\/a><\/div>","protected":false},"author":1,"featured_media":0,"parent":0,"menu_order":0,"comment_status":"closed","ping_status":"closed","template":"","meta":{"footnotes":""},"class_list":["post-1351","page","type-page","status-publish","hentry"],"_links":{"self":[{"href":"https:\/\/kampinis.lt\/en\/wp-json\/wp\/v2\/pages\/1351","targetHints":{"allow":["GET"]}}],"collection":[{"href":"https:\/\/kampinis.lt\/en\/wp-json\/wp\/v2\/pages"}],"about":[{"href":"https:\/\/kampinis.lt\/en\/wp-json\/wp\/v2\/types\/page"}],"author":[{"embeddable":true,"href":"https:\/\/kampinis.lt\/en\/wp-json\/wp\/v2\/users\/1"}],"replies":[{"embeddable":true,"href":"https:\/\/kampinis.lt\/en\/wp-json\/wp\/v2\/comments?post=1351"}],"version-history":[{"count":7,"href":"https:\/\/kampinis.lt\/en\/wp-json\/wp\/v2\/pages\/1351\/revisions"}],"predecessor-version":[{"id":2398,"href":"https:\/\/kampinis.lt\/en\/wp-json\/wp\/v2\/pages\/1351\/revisions\/2398"}],"wp:attachment":[{"href":"https:\/\/kampinis.lt\/en\/wp-json\/wp\/v2\/media?parent=1351"}],"curies":[{"name":"wp","href":"https:\/\/api.w.org\/{rel}","templated":true}]}}