{"id":1641,"date":"2024-12-18T08:09:08","date_gmt":"2024-12-18T08:09:08","guid":{"rendered":"https:\/\/klbtheme.com\/fynode\/?post_type=product&#038;p=1641"},"modified":"2025-12-09T19:53:19","modified_gmt":"2025-12-09T19:53:19","slug":"25x25","status":"publish","type":"product","link":"https:\/\/kampinis.lt\/en\/Produktai\/25x25\/","title":{"rendered":"3D \u017eem\u0117lapis su pla\u010diu r\u0117meliu 25&#215;25 cm."},"content":{"rendered":"<h3><img fetchpriority=\"high\" decoding=\"async\" class=\"alignnone wp-image-2192\" src=\"http:\/\/kampinis.lt\/wp-content\/uploads\/2024\/12\/ant-tumbackos-300x300.jpg\" alt=\"\" width=\"1543\" height=\"1543\" srcset=\"https:\/\/kampinis.lt\/wp-content\/uploads\/2024\/12\/ant-tumbackos-300x300.jpg 300w, https:\/\/kampinis.lt\/wp-content\/uploads\/2024\/12\/ant-tumbackos-1024x1024.jpg 1024w, https:\/\/kampinis.lt\/wp-content\/uploads\/2024\/12\/ant-tumbackos-150x150.jpg 150w, https:\/\/kampinis.lt\/wp-content\/uploads\/2024\/12\/ant-tumbackos-768x768.jpg 768w, https:\/\/kampinis.lt\/wp-content\/uploads\/2024\/12\/ant-tumbackos-1536x1536.jpg 1536w, https:\/\/kampinis.lt\/wp-content\/uploads\/2024\/12\/ant-tumbackos-450x450.jpg 450w, https:\/\/kampinis.lt\/wp-content\/uploads\/2024\/12\/ant-tumbackos-600x600.jpg 600w, https:\/\/kampinis.lt\/wp-content\/uploads\/2024\/12\/ant-tumbackos-54x54.jpg 54w, https:\/\/kampinis.lt\/wp-content\/uploads\/2024\/12\/ant-tumbackos.jpg 2000w\" sizes=\"(max-width: 1543px) 100vw, 1543px\" \/><\/h3>\n<h3>Unikalus ir Stilingas Dekoro Elementas<\/h3>\n<p>3D reljefinis \u017eem\u0117lapis r\u0117melyje, eleganti\u0161kai papildantis bet kokio interjero dizain\u0105. \u0160is i\u0161skirtinis sieninis akcentas prikausto d\u0117mes\u012f ir suteikia erdvei autenti\u0161kumo bei modernumo. Jo subtil\u016bs trima\u010diai reljefai perteikia sud\u0117tingus pasaulio pavir\u0161iaus niuansus, paversdami j\u012f ne tik funkcionaliu, bet ir esteti\u0161kai patraukliu meno k\u016briniu.<\/p>\n<h3>Pagamintas I\u0161 ekologi\u0161k\u0173 ir tvari\u0173 med\u017eiag\u0173<\/h3>\n<p>3D reljefinis \u017eem\u0117lapis r\u0117melyje pagamintas i\u0161 kokybi\u0161k\u0173 med\u017eiag\u0173, u\u017etikrinant ilgaam\u017ei\u0161kum\u0105 ir nepriekai\u0161ting\u0105 i\u0161vaizd\u0105. R\u0117melis pagamintas i\u0161 med\u017eio gaminio, o 3D modelio plastikas &#8211; i\u0161 kukur\u016bz\u0173 krakmolo.<\/p>\n<h3>Lengvai kabinamas arba pastatomas<\/h3>\n<p>\u0160is gaminys yra lengvai montuojamas ant sienos tuo pa\u010diu turi kojel\u0119 patogiam pastatymui ant lentynos ar komodos, tod\u0117l galite pasirinkti norim\u0105 jo eksponavimo viet\u0105.<\/p>\n<h3>Unikali Dovan\u0173 Id\u0117ja Bet Kuriai Progai<\/h3>\n<p>Ie\u0161kote originalios ir prasmingos dovanos? 3D reljefinis \u017eem\u0117lapis r\u0117melyje yra puikus pasirinkimas gimtadieniams, jubiliejams, \u012fkurtuv\u0117ms ar net paminint svarbius gyvenimo \u012fvykius. Tai universalus ir asmeni\u0161kas akcentas, kuris tiks tiek namuose, tiek darbo aplinkoje.<\/p>\n<p>Leiskite reljefiniui \u017eem\u0117lapiui \u012fkv\u0117pti jus kasdien! Tai ne tik \u017eem\u0117lapis \u2013 tai meno k\u016brinys, skleid\u017eiantis unikalum\u0105, gro\u017e\u012f ir \u012fkv\u0117pim\u0105.<\/p>\n<h3>Rinktis galite i\u0161 4 skirting\u0173 r\u0117meli\u0173:<\/h3>\n<p><img decoding=\"async\" class=\"alignnone size-medium wp-image-2161\" src=\"http:\/\/kampinis.lt\/wp-content\/uploads\/2024\/12\/1277308_PE931062_S5-300x300.jpg\" alt=\"\" width=\"300\" height=\"300\" srcset=\"https:\/\/kampinis.lt\/wp-content\/uploads\/2024\/12\/1277308_PE931062_S5-300x300.jpg 300w, https:\/\/kampinis.lt\/wp-content\/uploads\/2024\/12\/1277308_PE931062_S5-1024x1024.jpg 1024w, https:\/\/kampinis.lt\/wp-content\/uploads\/2024\/12\/1277308_PE931062_S5-150x150.jpg 150w, https:\/\/kampinis.lt\/wp-content\/uploads\/2024\/12\/1277308_PE931062_S5-768x768.jpg 768w, https:\/\/kampinis.lt\/wp-content\/uploads\/2024\/12\/1277308_PE931062_S5-1536x1536.jpg 1536w, https:\/\/kampinis.lt\/wp-content\/uploads\/2024\/12\/1277308_PE931062_S5-450x450.jpg 450w, https:\/\/kampinis.lt\/wp-content\/uploads\/2024\/12\/1277308_PE931062_S5-600x600.jpg 600w, https:\/\/kampinis.lt\/wp-content\/uploads\/2024\/12\/1277308_PE931062_S5-54x54.jpg 54w, https:\/\/kampinis.lt\/wp-content\/uploads\/2024\/12\/1277308_PE931062_S5.jpg 2000w\" sizes=\"(max-width: 300px) 100vw, 300px\" \/> \u00a0<strong>A\u017euolo ra\u0161tas\u00a0 <\/strong><img decoding=\"async\" class=\"alignnone size-medium wp-image-2160\" src=\"http:\/\/kampinis.lt\/wp-content\/uploads\/2024\/12\/1245324_PE921588_S5-300x300.jpg\" alt=\"\" width=\"300\" height=\"300\" srcset=\"https:\/\/kampinis.lt\/wp-content\/uploads\/2024\/12\/1245324_PE921588_S5-300x300.jpg 300w, https:\/\/kampinis.lt\/wp-content\/uploads\/2024\/12\/1245324_PE921588_S5-1024x1024.jpg 1024w, https:\/\/kampinis.lt\/wp-content\/uploads\/2024\/12\/1245324_PE921588_S5-150x150.jpg 150w, https:\/\/kampinis.lt\/wp-content\/uploads\/2024\/12\/1245324_PE921588_S5-768x768.jpg 768w, https:\/\/kampinis.lt\/wp-content\/uploads\/2024\/12\/1245324_PE921588_S5-1536x1536.jpg 1536w, https:\/\/kampinis.lt\/wp-content\/uploads\/2024\/12\/1245324_PE921588_S5-450x450.jpg 450w, https:\/\/kampinis.lt\/wp-content\/uploads\/2024\/12\/1245324_PE921588_S5-600x600.jpg 600w, https:\/\/kampinis.lt\/wp-content\/uploads\/2024\/12\/1245324_PE921588_S5-54x54.jpg 54w, https:\/\/kampinis.lt\/wp-content\/uploads\/2024\/12\/1245324_PE921588_S5.jpg 2000w\" sizes=\"(max-width: 300px) 100vw, 300px\" \/> \u00a0<strong>Rie\u0161utmed\u017eio ra\u0161tas\u00a0\u00a0<\/strong> <img loading=\"lazy\" decoding=\"async\" class=\"alignnone size-medium wp-image-2159\" src=\"http:\/\/kampinis.lt\/wp-content\/uploads\/2024\/12\/0913710_PE787794_S5-300x300.jpg\" alt=\"\" width=\"300\" height=\"300\" srcset=\"https:\/\/kampinis.lt\/wp-content\/uploads\/2024\/12\/0913710_PE787794_S5-300x300.jpg 300w, https:\/\/kampinis.lt\/wp-content\/uploads\/2024\/12\/0913710_PE787794_S5-1024x1024.jpg 1024w, https:\/\/kampinis.lt\/wp-content\/uploads\/2024\/12\/0913710_PE787794_S5-150x150.jpg 150w, https:\/\/kampinis.lt\/wp-content\/uploads\/2024\/12\/0913710_PE787794_S5-768x768.jpg 768w, https:\/\/kampinis.lt\/wp-content\/uploads\/2024\/12\/0913710_PE787794_S5-1536x1536.jpg 1536w, https:\/\/kampinis.lt\/wp-content\/uploads\/2024\/12\/0913710_PE787794_S5-450x450.jpg 450w, https:\/\/kampinis.lt\/wp-content\/uploads\/2024\/12\/0913710_PE787794_S5-600x600.jpg 600w, https:\/\/kampinis.lt\/wp-content\/uploads\/2024\/12\/0913710_PE787794_S5-54x54.jpg 54w, https:\/\/kampinis.lt\/wp-content\/uploads\/2024\/12\/0913710_PE787794_S5.jpg 2000w\" sizes=\"(max-width: 300px) 100vw, 300px\" \/><strong>\u00a0 Juodas medis\u00a0\u00a0<\/strong> <img loading=\"lazy\" decoding=\"async\" class=\"alignnone size-medium wp-image-2157\" src=\"http:\/\/kampinis.lt\/wp-content\/uploads\/2024\/12\/0913712_PE787796_S5-300x300.jpg\" alt=\"\" width=\"300\" height=\"300\" srcset=\"https:\/\/kampinis.lt\/wp-content\/uploads\/2024\/12\/0913712_PE787796_S5-300x300.jpg 300w, https:\/\/kampinis.lt\/wp-content\/uploads\/2024\/12\/0913712_PE787796_S5-1024x1024.jpg 1024w, https:\/\/kampinis.lt\/wp-content\/uploads\/2024\/12\/0913712_PE787796_S5-150x150.jpg 150w, https:\/\/kampinis.lt\/wp-content\/uploads\/2024\/12\/0913712_PE787796_S5-768x768.jpg 768w, https:\/\/kampinis.lt\/wp-content\/uploads\/2024\/12\/0913712_PE787796_S5-1536x1536.jpg 1536w, https:\/\/kampinis.lt\/wp-content\/uploads\/2024\/12\/0913712_PE787796_S5-450x450.jpg 450w, https:\/\/kampinis.lt\/wp-content\/uploads\/2024\/12\/0913712_PE787796_S5-600x600.jpg 600w, https:\/\/kampinis.lt\/wp-content\/uploads\/2024\/12\/0913712_PE787796_S5-54x54.jpg 54w, https:\/\/kampinis.lt\/wp-content\/uploads\/2024\/12\/0913712_PE787796_S5.jpg 2000w\" sizes=\"(max-width: 300px) 100vw, 300px\" \/> <strong>Baltas lygus<\/strong><\/p>\n<p>&nbsp;<\/p>","protected":false},"excerpt":{"rendered":"<p>3D reljefiniai \u017eem\u0117lapiai \u2013 nuostabi interjero detal\u0117 ir ypatinga dovana artimiesiems. \u012eam\u017einkite vestuvi\u0173, su\u017ead\u0117tuvi\u0173, pirmojo pasimatymo, ypatingos kelion\u0117s ar pirmojo buto \/ namo \u012fsigijimo viet\u0105 ir pasikabinkite \u017eem\u0117lap\u012f ant sienos ar pad\u0117kite garbingoje vietoje ant lentynos ar komodos.<\/p>\n<p data-start=\"132\" data-end=\"156\"><strong data-start=\"132\" data-end=\"154\">Produkto ypatumai:<\/strong><\/p>\n<ul data-start=\"157\" data-end=\"438\">\n<li data-start=\"157\" data-end=\"236\">\n<p data-start=\"159\" data-end=\"236\"><strong data-start=\"159\" data-end=\"181\">Unikalus dizainas:<\/strong> \u017eem\u0117lapis sukuriamas pagal j\u016bs\u0173 pasirinkt\u0105 lokacij\u0105.<\/p>\n<\/li>\n<li data-start=\"237\" data-end=\"324\">\n<p data-start=\"239\" data-end=\"324\"><strong data-start=\"239\" data-end=\"265\">Ekologi\u0161kos med\u017eiagos:<\/strong> medis ir PLA plastikas, pagamintas i\u0161 kukur\u016bz\u0173 krakmolo.<\/p>\n<\/li>\n<li data-start=\"325\" data-end=\"438\">\n<p data-start=\"327\" data-end=\"438\"><strong data-start=\"327\" data-end=\"353\">Patvarus ir ilgaam\u017eis:<\/strong> tvirtas PLA plastikas atsparus UV spinduliams ir puo\u0161 j\u016bs\u0173 interjer\u0105 daugel\u012f met\u0173.<\/p>\n<\/li>\n<\/ul>\n<p>&nbsp;<\/p>","protected":false},"featured_media":2451,"comment_status":"open","ping_status":"closed","template":"","meta":[],"product_brand":[],"product_cat":[70],"product_tag":[],"class_list":{"0":"post-1641","1":"product","2":"type-product","3":"status-publish","4":"has-post-thumbnail","6":"product_cat-3d-zemelapiai","8":"first","9":"instock","10":"shipping-taxable","11":"purchasable","12":"product-type-simple"},"_links":{"self":[{"href":"https:\/\/kampinis.lt\/en\/wp-json\/wp\/v2\/product\/1641","targetHints":{"allow":["GET"]}}],"collection":[{"href":"https:\/\/kampinis.lt\/en\/wp-json\/wp\/v2\/product"}],"about":[{"href":"https:\/\/kampinis.lt\/en\/wp-json\/wp\/v2\/types\/product"}],"replies":[{"embeddable":true,"href":"https:\/\/kampinis.lt\/en\/wp-json\/wp\/v2\/comments?post=1641"}],"wp:featuredmedia":[{"embeddable":true,"href":"https:\/\/kampinis.lt\/en\/wp-json\/wp\/v2\/media\/2451"}],"wp:attachment":[{"href":"https:\/\/kampinis.lt\/en\/wp-json\/wp\/v2\/media?parent=1641"}],"wp:term":[{"taxonomy":"product_brand","embeddable":true,"href":"https:\/\/kampinis.lt\/en\/wp-json\/wp\/v2\/product_brand?post=1641"},{"taxonomy":"product_cat","embeddable":true,"href":"https:\/\/kampinis.lt\/en\/wp-json\/wp\/v2\/product_cat?post=1641"},{"taxonomy":"product_tag","embeddable":true,"href":"https:\/\/kampinis.lt\/en\/wp-json\/wp\/v2\/product_tag?post=1641"}],"curies":[{"name":"wp","href":"https:\/\/api.w.org\/{rel}","templated":true}]}}