{"id":2437,"date":"2025-11-18T07:29:04","date_gmt":"2025-11-18T07:29:04","guid":{"rendered":"https:\/\/kampinis.lt\/?post_type=product&#038;p=2437"},"modified":"2025-11-18T07:41:13","modified_gmt":"2025-11-18T07:41:13","slug":"sloksniuota-vaza","status":"publish","type":"product","link":"https:\/\/kampinis.lt\/en\/Produktai\/sloksniuota-vaza\/","title":{"rendered":"Sluoksniuota vaza"},"content":{"rendered":"<p data-start=\"0\" data-end=\"461\">\u0160i \u0161iuolaiki\u0161ko dizaino 3D spausdinta vaza sukurta taip, kad tapt\u0173 i\u0161skirtiniu akcentu bet kuriuose namuose. Jos organi\u0161ka, eleganti\u0161kai plat\u0117janti forma ir tiksliai i\u0161rai\u017eytas banguotas ra\u0161tas sukuria subtil\u0173 \u0161viesos ir \u0161e\u0161\u0117li\u0173 \u017eaism\u0105. Vir\u0161utin\u0117 dalis spausdinta i\u0161 kokybi\u0161ko, lengvo ir tvaraus plastiko, kuris suteikia vazai modern\u0173, \u0161var\u0173 \u012fvaizd\u012f. Apa\u010dioje \u2013 masyvus, nat\u016braliai atrodantis betoninis pagrindas, suteikiantis stabilumo ir vizualinio kontrasto.<\/p>\n<p data-start=\"463\" data-end=\"837\" data-is-last-node=\"\" data-is-only-node=\"\">Vaza puikiai dera minimalistiniame, skandinavi\u0161kame ar industriniame interjere, gali b\u016bti naudojama tiek kaip dekoratyvinis objektas, tiek kaip prakti\u0161ka g\u0117li\u0173 talpykla. D\u0117l 3D spausdinimo technologijos ji i\u0161siskiria precizi\u0161ku tikslumu, unikaliomis formomis ir esteti\u0161ka tekst\u016bra. Tai \u2013 modernus rank\u0173 darbo k\u016brinys, subalansuojantis technologij\u0105, dizain\u0105 ir funkcionalum\u0105.<\/p>","protected":false},"excerpt":{"rendered":"<p>Eleganti\u0161ka, moderni 3D spausdinta vaza su \u012fsp\u016bdingu banguotu ra\u0161tu ir tvirtu betoniniu pagrindu. Puikiai tinka minimalistiniam ar \u0161iuolaiki\u0161kam interjerui.<\/p>","protected":false},"featured_media":2441,"comment_status":"open","ping_status":"closed","template":"","meta":[],"product_brand":[],"product_cat":[90],"product_tag":[],"class_list":{"0":"post-2437","1":"product","2":"type-product","3":"status-publish","4":"has-post-thumbnail","6":"product_cat-vazos","8":"first","9":"instock","10":"shipping-taxable","11":"purchasable","12":"product-type-simple"},"_links":{"self":[{"href":"https:\/\/kampinis.lt\/en\/wp-json\/wp\/v2\/product\/2437","targetHints":{"allow":["GET"]}}],"collection":[{"href":"https:\/\/kampinis.lt\/en\/wp-json\/wp\/v2\/product"}],"about":[{"href":"https:\/\/kampinis.lt\/en\/wp-json\/wp\/v2\/types\/product"}],"replies":[{"embeddable":true,"href":"https:\/\/kampinis.lt\/en\/wp-json\/wp\/v2\/comments?post=2437"}],"wp:featuredmedia":[{"embeddable":true,"href":"https:\/\/kampinis.lt\/en\/wp-json\/wp\/v2\/media\/2441"}],"wp:attachment":[{"href":"https:\/\/kampinis.lt\/en\/wp-json\/wp\/v2\/media?parent=2437"}],"wp:term":[{"taxonomy":"product_brand","embeddable":true,"href":"https:\/\/kampinis.lt\/en\/wp-json\/wp\/v2\/product_brand?post=2437"},{"taxonomy":"product_cat","embeddable":true,"href":"https:\/\/kampinis.lt\/en\/wp-json\/wp\/v2\/product_cat?post=2437"},{"taxonomy":"product_tag","embeddable":true,"href":"https:\/\/kampinis.lt\/en\/wp-json\/wp\/v2\/product_tag?post=2437"}],"curies":[{"name":"wp","href":"https:\/\/api.w.org\/{rel}","templated":true}]}}